{"id":3,"date":"2023-07-14T05:17:37","date_gmt":"2023-07-14T11:17:37","guid":{"rendered":"http:\/\/notaria38zapopan.com\/?page_id=3"},"modified":"2023-10-16T11:46:21","modified_gmt":"2023-10-16T17:46:21","slug":"aviso-privacidad","status":"publish","type":"page","link":"https:\/\/notaria38zapopan.com\/index.php\/aviso-privacidad\/","title":{"rendered":"Aviso de privacidad"},"content":{"rendered":"\n<h2 class=\"wp-block-heading\">Notaria 38 Zapopan<\/h2>\n\n\n\n<p>La Notaria es responsable del uso y protecci\u00f3n de sus datos de identidad, en ese sentido y<br>atendiendo las obligaciones legales establecidas en la Ley Federal de Protecci\u00f3n de Datos<br>Personales en Posesi\u00f3n de los Particulares y a la Ley de Protecci\u00f3n de Datos Personales<br>en Posesi\u00f3n de Sujetos Obligados del Estado de Jalisco y sus Municipios, a trav\u00e9s de este<br>instrumento se informa a los titulares de los datos, la informaci\u00f3n que de ellos se recaba y<br>los fines que se dar\u00e1n a dicha informaci\u00f3n.<\/p>\n\n\n\n<h3 class=\"wp-block-heading\">1.- \u00bfPARA QUE FINES UTILIZAREMOS SUS DATOS PERSONALES?<\/h3>\n\n\n\n<p>Esta Notaria utilizara sus datos personales para:<\/p>\n\n\n\n<ul class=\"wp-block-list\">\n<li>Confirmar su identidad.<\/li>\n\n\n\n<li>Entender y atender sus necesidades de car\u00e1cter legal en materia notarial.<\/li>\n\n\n\n<li>Otorgar seguridad y certeza jur\u00eddica a los hechos y actos que celebra, como pueden<br>ser operaciones traslativas de dominio relativas a compraventas, donaciones,<br>permutas, adjudicaciones por herencia, adjudicaciones por remate, fideicomisos,<br>constituciones de reg\u00edmenes de propiedad en condominio, testamentos, tr\u00e1mites<br>sucesorios, hipotecas, cancelaciones de hipotecas, ratificaciones de firmas, fes de<br>hechos, cotejo de documentos, entre otros.<\/li>\n<\/ul>\n\n\n\n<p>De manera adicional, utilizaremos su informaci\u00f3n personal para las siguientes finalidades<br>que son necesarias para el servicio solicitado, pero que nos permiten y facilitan brindarle<br>una mejor atenci\u00f3n:<\/p>\n\n\n\n<ul class=\"wp-block-list\">\n<li>Elaborar los instrumentos notariales de su inter\u00e9s.<\/li>\n\n\n\n<li>Brindarle asesor\u00eda legal.<\/li>\n\n\n\n<li>Cumplir con los requerimientos legales que le son aplicables.<\/li>\n\n\n\n<li>Verificar la informaci\u00f3n que nos proporciona.<\/li>\n\n\n\n<li>Para poder identificar sus documentos<\/li>\n\n\n\n<li>Para guardar una copia de sus documentos en nuestro archivo y un \u00edndice de los<br>mismos<\/li>\n\n\n\n<li>Para poder ofrecerle otros servicios en un futuro.<\/li>\n<\/ul>\n\n\n\n<p class=\"has-text-align-left\">En caso de que no desee que sus datos personales sean tratados para estos fines<br>adicionales, desde este momento usted nos puede comunicar lo anterior; presentando una<br>solicitud escrita, personalmente en nuestro domicilio dirigido a Departamento de Privacidad<br>de la Notaria haciendo entrega de la misma en la recepci\u00f3n.<\/p>\n\n\n\n<h3 class=\"wp-block-heading\">2.- \u00bfQU\u00c9 DATOS PERSONALES UTILIZAREMOS PARA ESTOS FINES?<\/h3>\n\n\n\n<p>Para llevar a cabo las finalidades descritas en el presente aviso de privacidad, utilizaremos<br>los siguientes datos personales:<\/p>\n\n\n\n<ul class=\"wp-block-list\">\n<li>Datos de identificaci\u00f3n. Tales como: nombre; estado civil; firma aut\u00f3grafa y<br>electr\u00f3nica; huella dactilar, Registro Federal de Contribuyentes (RFC); Clave \u00danica<br>de Registro de Poblaci\u00f3n (CURP); n\u00famero de cartilla militar; lugar y fecha de<br>nacimiento; nacionalidad; fotograf\u00eda; edad, entre otros.<\/li>\n\n\n\n<li>Datos de contacto. Tales como: domicilio; correo electr\u00f3nico; tel\u00e9fono fijo; tel\u00e9fono<br>celular, entre otras.<\/li>\n\n\n\n<li>Datos laborales. Informaci\u00f3n relativa a su empleo, cargo o comisi\u00f3n; desempe\u00f1o<br>laboral y experiencia profesional, tales como: puesto, domicilio de trabajo, correo<br>electr\u00f3nico institucional, tel\u00e9fono institucional; referencias laborales; fecha de<br>ingreso y salida del empleo, entre otros.<\/li>\n\n\n\n<li>Datos sobre caracter\u00edsticas f\u00edsicas de identificaci\u00f3n personal. Informaci\u00f3n sobre su<br>fisonom\u00eda, anatom\u00eda, rasgos o particularidades espec\u00edficas, como: color de la piel,<br>del iris o del cabello; se\u00f1as particulares; estatura; peso; complexi\u00f3n, entre otras, en<br>los casos de una fe de hechos.<\/li>\n\n\n\n<li>Datos acad\u00e9micos. Informaci\u00f3n documental tales como: t\u00edtulos; c\u00e9dula profesional;<br>certificados; reconocimientos; entre otros, en el caso de ser requerida su formaci\u00f3n<br>educativa.<\/li>\n\n\n\n<li>Datos patrimoniales o financieros. Relativa a sus bienes, derechos, cargas u<br>obligaciones susceptibles de valoraci\u00f3n econ\u00f3mica, como pueden ser: bienes<br>muebles e inmuebles; informaci\u00f3n fiscal; historial crediticio; ingresos y egresos;<br>cuentas bancarias; seguros; afores; fianzas, n\u00famero de tarjeta de cr\u00e9dito y\/o d\u00e9bito,<br>n\u00famero de seguridad, entre otros, relacionados con las escrituras que elaboremos<br>a su petici\u00f3n, o cuando se realice el pago de nuestros honorarios en su caso.<\/li>\n\n\n\n<li>Adem\u00e1s de los datos personales mencionados anteriormente, para las finalidades<br>informadas en el presente aviso de privacidad utilizaremos los siguientes datos<br>personales considerados como sensibles, que requieren de especial protecci\u00f3n:<\/li>\n\n\n\n<li>Datos biom\u00e9tricos. Informaci\u00f3n sobre la huella dactilar en caso de que usted la utilice<br>como su firma, en caso de requerirlo comprobaci\u00f3n de iris y dem\u00e1s datos<br>biom\u00e9tricos relacionados.<\/li>\n\n\n\n<li>Informaci\u00f3n sobre su c\u00f3nyuge, herederos, legatarios y beneficiarios.<\/li>\n<\/ul>\n\n\n\n<h3 class=\"wp-block-heading\">3.- \u00bfCON QUI\u00c9N COMPARTIMOS SU INFORMACI\u00d3N PERSONAL Y PARA QU\u00c9<br>FINES?<\/h3>\n\n\n\n<p>Sus datos de identidad como son la huella, fotograf\u00eda y datos personales, s\u00f3lo son tratados<br>por el notario y personal de la notar\u00eda, por lo cual, sus datos de identidad no se transfieren<br>a ning\u00fan tercero, salvo para el cumplimiento de obligaciones legales ante las autoridades competentes tales como los registros p\u00fablicos, las autoridades tributarias, juriciales y el instituto nacional electoral<\/p>\n\n\n\n<h3 class=\"wp-block-heading\">4.- \u00bfC\u00d3MO PUEDE ACCEDER, RECTIFICAR O CANCELAR SUS DATOS<br>PERSONALES, \u00bfU OPONERSE A SU USO?<\/h3>\n\n\n\n<p>Usted tiene derecho a conocer qu\u00e9 datos personales tenemos de usted, para qu\u00e9 los<br>utilizamos y las condiciones del uso que les damos (Acceso). Asimismo, es su derecho<br>solicitar la correcci\u00f3n de su informaci\u00f3n personal en caso de que est\u00e9 desactualizada, sea<br>inexacta o incompleta (Rectificaci\u00f3n); que la eliminemos de nuestros registros o bases de<br>datos cuando considere que la misma no est\u00e1 siendo utilizada conforme a los principios,<br>deberes y obligaciones previstas en la normativa (Cancelaci\u00f3n); as\u00ed como oponerse al uso<br>de sus datos personales para fines espec\u00edficos (Oposici\u00f3n). Estos derechos se conocen<br>como derechos ARCO.<\/p>\n\n\n\n<p><br>Para el ejercicio de cualquiera de los derechos ARCO, usted deber\u00e1 presentar la solicitud<br>respectiva: Presentando su solicitud personalmente en nuestro domicilio dirigida a la<br>persona encargada de la privacidad en esta oficina.<\/p>\n\n\n\n<p><br>Para conocer el procedimiento y requisitos para el ejercicio de los derechos ARCO, usted<br>podr\u00e1 llamar a la Notarial poni\u00e9ndose en contacto con nuestro Departamento de Privacidad,<br>que dar\u00e1 tr\u00e1mite a las solicitudes para el ejercicio de estos derechos, y atender\u00e1 cualquier<br>duda que pudiera tener respecto al tratamiento de su informaci\u00f3n.<\/p>\n\n\n\n<h3 class=\"wp-block-heading\">5.- \u00bfC\u00d3MO PUEDE REVOCAR SU CONSENTIMIENTO PARA EL USO DE SUS DATOS<br>PERSONALES?<\/h3>\n\n\n\n<p>Usted puede revocar el consentimiento que, en su caso, nos haya otorgado para el<br>tratamiento de sus datos personales. Sin embargo, es importante que tenga en cuenta que<br>no en todos los casos podremos atender su solicitud o concluir el uso de forma inmediata,<br>ya que es posible que por alguna obligaci\u00f3n legal requiramos seguir tratando sus datos<br>personales. Asimismo, usted deber\u00e1 considerar que, para ciertos fines, la revocaci\u00f3n de su<br>consentimiento implicar\u00e1 que no le podamos seguir prestando el servicio que nos solicit\u00f3,<br>o la conclusi\u00f3n de su relaci\u00f3n con nosotros.<\/p>\n\n\n\n<p><br>Para revocar su consentimiento deber\u00e1 presentar su solicitud en el siguiente domicilio:<br>Calle Quetzalc\u00f3atl 1509,Cd del sol, 45050, Zapopan, Jal.<\/p>\n\n\n\n<p><br>Para conocer el procedimiento y requisitos para la revocaci\u00f3n del consentimiento, usted<br>podr\u00e1 llamar a la Notaria.<\/p>\n\n\n\n<h3 class=\"wp-block-heading\">6.- \u00bfC\u00d3MO PUEDE LIMITAR EL USO O DIVULGACI\u00d3N DE SU INFORMACI\u00d3N<br>PERSONAL?<\/h3>\n\n\n\n<p>Usted puede limitar el uso y divulgaci\u00f3n de su informaci\u00f3n personal a trav\u00e9s de los<br>siguientes medios que hemos instrumentado:<\/p>\n\n\n\n<ul class=\"wp-block-list\">\n<li>Presentando su solicitud personalmente en nuestro domicilio dirigida a la persona<br>encargada de la privacidad en esta oficina.<\/li>\n\n\n\n<li>Enviando correo electr\u00f3nico a la siguiente direcci\u00f3n electr\u00f3nica:<br>o Llamando gratuitamente a los n\u00fameros telef\u00f3nicos de la Notaria.<\/li>\n<\/ul>\n\n\n\n<h3 class=\"wp-block-heading\">7- \u00bfC\u00d3MO PUEDE CONOCER LOS CAMBIOS A ESTE AVISO DE PRIVACIDAD?<\/h3>\n\n\n\n<p>El presente aviso de privacidad puede sufrir modificaciones, cambios o actualizaciones<br>derivadas de nuevos requerimientos y\/o actualizaciones legales; de nuestras propias<br>necesidades por los productos o servicios que ofrecemos; de nuestras pr\u00e1cticas de<br>privacidad; de cambios en nuestro modelo de negocio, o por otras causas.<\/p>\n\n\n\n<p><br>Nos comprometemos a mantenerlo informado sobre los cambios que pueda sufrir el<br>presente aviso de privacidad, a trav\u00e9s de correo electr\u00f3nico o en la primera comunicaci\u00f3n<br>que tengamos con usted posterior al cambio.<\/p>\n\n\n\n<h3 class=\"wp-block-heading\">8- CACH\u00c9<\/h3>\n\n\n\n<p>Este sitio utiliza el almacenamiento en la cach\u00e9 para facilitar un tiempo de respuesta m\u00e1s r\u00e1pido y una mejor experiencia de usuario. El almacenamiento en la cach\u00e9, potencialmente, almacena una copia duplicada de cada p\u00e1gina web que se muestra en este sitio. Todos los archivos de la cach\u00e9 son temporales y nunca acceden a ellos terceras partes, salvo cuando necesario para obtener soporte t\u00e9cnico del proveedor del plugin de cach\u00e9. Los archivos de la cach\u00e9 caducan en una programaci\u00f3n establecida por el administrador del sitio, pero pueden ser f\u00e1cilmente vaciados por el administrador antes de su caducidad natural, si fuese necesario. Podemos usar los servicios de QUIC.cloud para procesar y almacenar tus datos temporalmente en la cach\u00e9.Por favor, consulta&nbsp;<a rel=\"noreferrer noopener\" href=\"https:\/\/quic.cloud\/privacy-policy\/\" target=\"_blank\">https:\/\/quic.cloud\/privacy-policy\/<\/a>&nbsp;para m\u00e1s detalles.<\/p>\n","protected":false},"excerpt":{"rendered":"<p>Notaria 38 Zapopan La Notaria es responsable del uso y protecci\u00f3n de sus datos de identidad, en ese sentido yatendiendo las obligaciones legales establecidas en la Ley Federal de Protecci\u00f3n de DatosPersonales en Posesi\u00f3n de los Particulares y a la Ley de Protecci\u00f3n de Datos Personalesen Posesi\u00f3n de Sujetos Obligados del Estado de Jalisco y [&hellip;]<\/p>\n","protected":false},"author":1,"featured_media":0,"parent":0,"menu_order":0,"comment_status":"closed","ping_status":"closed","template":"","meta":{"_uag_custom_page_level_css":"","site-sidebar-layout":"default","site-content-layout":"","ast-site-content-layout":"default","site-content-style":"default","site-sidebar-style":"default","ast-global-header-display":"","ast-banner-title-visibility":"","ast-main-header-display":"","ast-hfb-above-header-display":"","ast-hfb-below-header-display":"","ast-hfb-mobile-header-display":"","site-post-title":"","ast-breadcrumbs-content":"","ast-featured-img":"","footer-sml-layout":"","ast-disable-related-posts":"","theme-transparent-header-meta":"","adv-header-id-meta":"","stick-header-meta":"","header-above-stick-meta":"","header-main-stick-meta":"","header-below-stick-meta":"","astra-migrate-meta-layouts":"set","ast-page-background-enabled":"default","ast-page-background-meta":{"desktop":{"background-color":"var(--ast-global-color-4)","background-image":"","background-repeat":"repeat","background-position":"center center","background-size":"auto","background-attachment":"scroll","background-type":"","background-media":"","overlay-type":"","overlay-color":"","overlay-opacity":"","overlay-gradient":""},"tablet":{"background-color":"","background-image":"","background-repeat":"repeat","background-position":"center center","background-size":"auto","background-attachment":"scroll","background-type":"","background-media":"","overlay-type":"","overlay-color":"","overlay-opacity":"","overlay-gradient":""},"mobile":{"background-color":"","background-image":"","background-repeat":"repeat","background-position":"center center","background-size":"auto","background-attachment":"scroll","background-type":"","background-media":"","overlay-type":"","overlay-color":"","overlay-opacity":"","overlay-gradient":""}},"ast-content-background-meta":{"desktop":{"background-color":"var(--ast-global-color-5)","background-image":"","background-repeat":"repeat","background-position":"center center","background-size":"auto","background-attachment":"scroll","background-type":"","background-media":"","overlay-type":"","overlay-color":"","overlay-opacity":"","overlay-gradient":""},"tablet":{"background-color":"var(--ast-global-color-5)","background-image":"","background-repeat":"repeat","background-position":"center center","background-size":"auto","background-attachment":"scroll","background-type":"","background-media":"","overlay-type":"","overlay-color":"","overlay-opacity":"","overlay-gradient":""},"mobile":{"background-color":"var(--ast-global-color-5)","background-image":"","background-repeat":"repeat","background-position":"center center","background-size":"auto","background-attachment":"scroll","background-type":"","background-media":"","overlay-type":"","overlay-color":"","overlay-opacity":"","overlay-gradient":""}},"footnotes":""},"class_list":["post-3","page","type-page","status-publish","hentry"],"uagb_featured_image_src":{"full":false,"thumbnail":false,"medium":false,"medium_large":false,"large":false,"1536x1536":false,"2048x2048":false},"uagb_author_info":{"display_name":"notaria38zapopan.com","author_link":"https:\/\/notaria38zapopan.com\/author\/notaria38zapopan-com\/"},"uagb_comment_info":0,"uagb_excerpt":"Notaria 38 Zapopan La Notaria es responsable del uso y protecci\u00f3n de sus datos de identidad, en ese sentido yatendiendo las obligaciones legales establecidas en la Ley Federal de Protecci\u00f3n de DatosPersonales en Posesi\u00f3n de los Particulares y a la Ley de Protecci\u00f3n de Datos Personalesen Posesi\u00f3n de Sujetos Obligados del Estado de Jalisco y&hellip;","_links":{"self":[{"href":"https:\/\/notaria38zapopan.com\/index.php\/wp-json\/wp\/v2\/pages\/3","targetHints":{"allow":["GET"]}}],"collection":[{"href":"https:\/\/notaria38zapopan.com\/index.php\/wp-json\/wp\/v2\/pages"}],"about":[{"href":"https:\/\/notaria38zapopan.com\/index.php\/wp-json\/wp\/v2\/types\/page"}],"author":[{"embeddable":true,"href":"https:\/\/notaria38zapopan.com\/index.php\/wp-json\/wp\/v2\/users\/1"}],"replies":[{"embeddable":true,"href":"https:\/\/notaria38zapopan.com\/index.php\/wp-json\/wp\/v2\/comments?post=3"}],"version-history":[{"count":4,"href":"https:\/\/notaria38zapopan.com\/index.php\/wp-json\/wp\/v2\/pages\/3\/revisions"}],"predecessor-version":[{"id":2190,"href":"https:\/\/notaria38zapopan.com\/index.php\/wp-json\/wp\/v2\/pages\/3\/revisions\/2190"}],"wp:attachment":[{"href":"https:\/\/notaria38zapopan.com\/index.php\/wp-json\/wp\/v2\/media?parent=3"}],"curies":[{"name":"wp","href":"https:\/\/api.w.org\/{rel}","templated":true}]}}